{"id":4035,"date":"2020-09-28T08:24:41","date_gmt":"2020-09-28T08:24:41","guid":{"rendered":"https:\/\/amaya.redsun.design\/demo2\/?page_id=4035"},"modified":"2025-12-13T09:19:34","modified_gmt":"2025-12-13T09:19:34","slug":"contact","status":"publish","type":"page","link":"http:\/\/www.vuma.com.tr\/index.php\/contact\/","title":{"rendered":"\u0130leti\u015fim"},"content":{"rendered":"\n<div class=\"wp-block-media-text alignfull is-stacked-on-mobile is-vertically-aligned-center\"><figure class=\"wp-block-media-text__media\"><img loading=\"lazy\" decoding=\"async\" width=\"819\" height=\"1024\" src=\"http:\/\/www.vuma.com.tr\/wp-content\/uploads\/2025\/12\/587750823_17918464011212982_2528729755651680473_n-819x1024.jpg\" alt=\"\" class=\"wp-image-7007 size-full\" srcset=\"http:\/\/www.vuma.com.tr\/wp-content\/uploads\/2025\/12\/587750823_17918464011212982_2528729755651680473_n-819x1024.jpg 819w, http:\/\/www.vuma.com.tr\/wp-content\/uploads\/2025\/12\/587750823_17918464011212982_2528729755651680473_n-240x300.jpg 240w, http:\/\/www.vuma.com.tr\/wp-content\/uploads\/2025\/12\/587750823_17918464011212982_2528729755651680473_n-768x960.jpg 768w, http:\/\/www.vuma.com.tr\/wp-content\/uploads\/2025\/12\/587750823_17918464011212982_2528729755651680473_n-1229x1536.jpg 1229w, http:\/\/www.vuma.com.tr\/wp-content\/uploads\/2025\/12\/587750823_17918464011212982_2528729755651680473_n-1200x1500.jpg 1200w, http:\/\/www.vuma.com.tr\/wp-content\/uploads\/2025\/12\/587750823_17918464011212982_2528729755651680473_n-800x1000.jpg 800w, http:\/\/www.vuma.com.tr\/wp-content\/uploads\/2025\/12\/587750823_17918464011212982_2528729755651680473_n-560x700.jpg 560w, http:\/\/www.vuma.com.tr\/wp-content\/uploads\/2025\/12\/587750823_17918464011212982_2528729755651680473_n.jpg 1440w\" sizes=\"auto, (max-width: 819px) 100vw, 819px\" \/><\/figure><div class=\"wp-block-media-text__content\">\n<h2 class=\"wp-block-heading has-text-align-center\">Bizi Ziyaret Edin!<\/h2>\n\n\n\n<p><\/p>\n\n\n\n<p class=\"has-text-align-center\"><strong>Bal\u0131kesir\/Alt\u0131eyl\u00fcl<\/strong><\/p>\n\n\n\n<p class=\"has-text-align-center\">Kasaplar, S\u0131nd\u0131rg\u0131 Cd. No:26<\/p>\n\n\n\n<div class=\"wp-block-buttons is-horizontal is-content-justification-center is-layout-flex wp-container-core-buttons-is-layout-499968f5 wp-block-buttons-is-layout-flex\">\n<div class=\"wp-block-button\"><a class=\"wp-block-button__link no-border-radius wp-element-button\" href=\"https:\/\/share.google\/8diZi76sf22KG6A1L\" target=\"_blank\" rel=\"noreferrer noopener\">haritalarda a\u00e7<\/a><\/div>\n<\/div>\n\n\n\n<div style=\"height:24px\" aria-hidden=\"true\" class=\"wp-block-spacer\"><\/div>\n\n\n\n<p class=\"has-text-align-center\"><strong>A\u00e7\u0131l\u0131\u015f Kapan\u0131\u015f Saatleri<\/strong><\/p>\n\n\n\n<p class=\"has-text-align-center\">Hafta \u0130\u00e7i<br>11.00 \u2013 02.00<\/p>\n\n\n\n<p class=\"has-text-align-center\">Hafta Sonu<br>11.00 \u2013 02.00<\/p>\n<\/div><\/div>\n\n\n\n<p><\/p>\n","protected":false},"excerpt":{"rendered":"Bizi Ziyaret Edin! Bal\u0131kesir\/Alt\u0131eyl\u00fcl Kasaplar, S\u0131nd\u0131rg\u0131 Cd. No:26 haritalarda a\u00e7 A\u00e7\u0131l\u0131\u015f Kapan\u0131\u015f Saatleri Hafta \u0130\u00e7i11.00 \u2013 02.00 Hafta Sonu11.00 \u2013 02.00","protected":false},"author":1,"featured_media":0,"parent":0,"menu_order":14,"comment_status":"closed","ping_status":"closed","template":"","meta":{"footnotes":""},"class_list":["post-4035","page","type-page","status-publish","hentry"],"_links":{"self":[{"href":"http:\/\/www.vuma.com.tr\/index.php\/wp-json\/wp\/v2\/pages\/4035","targetHints":{"allow":["GET"]}}],"collection":[{"href":"http:\/\/www.vuma.com.tr\/index.php\/wp-json\/wp\/v2\/pages"}],"about":[{"href":"http:\/\/www.vuma.com.tr\/index.php\/wp-json\/wp\/v2\/types\/page"}],"author":[{"embeddable":true,"href":"http:\/\/www.vuma.com.tr\/index.php\/wp-json\/wp\/v2\/users\/1"}],"replies":[{"embeddable":true,"href":"http:\/\/www.vuma.com.tr\/index.php\/wp-json\/wp\/v2\/comments?post=4035"}],"version-history":[{"count":3,"href":"http:\/\/www.vuma.com.tr\/index.php\/wp-json\/wp\/v2\/pages\/4035\/revisions"}],"predecessor-version":[{"id":7016,"href":"http:\/\/www.vuma.com.tr\/index.php\/wp-json\/wp\/v2\/pages\/4035\/revisions\/7016"}],"wp:attachment":[{"href":"http:\/\/www.vuma.com.tr\/index.php\/wp-json\/wp\/v2\/media?parent=4035"}],"curies":[{"name":"wp","href":"https:\/\/api.w.org\/{rel}","templated":true}]}}