{"id":2297,"date":"2020-07-09T12:55:19","date_gmt":"2020-07-09T12:55:19","guid":{"rendered":"http:\/\/redhost:8888\/amaya\/?page_id=2297"},"modified":"2026-03-14T18:18:14","modified_gmt":"2026-03-14T18:18:14","slug":"home","status":"publish","type":"page","link":"http:\/\/www.vuma.com.tr\/","title":{"rendered":"Anasayfa"},"content":{"rendered":"\n\t<section id=\"hero-mb-block-f76e6875-5b6c-4dde-941f-68db511b1c1e\" class=\"section section-hero  alignfull section-hero section-hero-image content-dark has-overlay\">\n\n\t\t \n\t\t\t<img decoding=\"async\" class=\"hero-image hero-background hero-content-center  \" src=\"http:\/\/www.vuma.com.tr\/wp-content\/uploads\/2025\/10\/123-1.png\" alt=\"\" \/>\n\t\t\n\t\t<div class=\"hero-content-wrap centered-content image-uploaded hero-content-center   full-width-overlay\"  style=\"background-color:rgba(0,0,0,0.35)\" >\n\t\t\t<div class=\"hero-content section-content\">\n\t\t\t\t\t\t\t\t\t<span class=\"hero-vertical vertical-text use-body-font\">est. 2025<\/span>\n\t\t\t\t\t\t\t\t\t\t\t\t\t<div class=\"hero-content-item hero-subtitle subtitle-above use-body-font\"  data-aos=\"fade-down\" data-aos-delay=\"100\"  >VUMA LOUNGE<\/div>\n\t\t\t\t\t\t\t\t\t\t                \t<h2 class=\"hero-content-item hero-title \"  data-aos=\"slide-up\"  >Food,Coffee &amp; Hookah <\/h2>\n\t\t                \n\t\t                \t\t                \t\t                \t\t\t<\/div>\n\t\t<\/div>\n\n\t\t\n\t<\/section> \n\n\n\n\n<div style=\"height:56px\" aria-hidden=\"true\" class=\"wp-block-spacer\"><\/div>\n\n\n\n<h2 class=\"wp-block-heading has-text-align-center\">Size Nas\u0131l Yard\u0131mc\u0131 Olabiliriz ?<\/h2>\n\n\n\n<p class=\"has-text-align-center narrow\">Zengin nargile se\u00e7eneklerimiz ve bar\u0131m\u0131z ile keyifli anlar ya\u015faman\u0131z i\u00e7in sizi bekliyoruz. Ayr\u0131ca, geni\u015f men\u00fcm\u00fczle dama\u011f\u0131n\u0131za hitap eden lezzetler sunuyoruz. Hem rahatlat\u0131c\u0131 bir ortamda nargile i\u00e7ebilir, hem de kaliteli yemeklerimizin tad\u0131n\u0131 \u00e7\u0131karabilirsiniz.<\/p>\n\n\n\n<div style=\"height:82px\" aria-hidden=\"true\" class=\"wp-block-spacer\"><\/div>\n\n\n\n\t<section id=\"contentboxes-mb-block-e9b82343-e4d2-41e0-8524-b5ccf970d760\" class=\"section section-contentboxes  alignwide \">\n\n\t\t<div class=\"contentboxes-wrap twentyfour\">\n\t\t\t\t\t<div class=\"contentboxes-masonry \">\n\n\t\t\t\t<div class=\"grid-sizer-contentboxes\"><\/div>\n\n\t\t\t\t\n\t\t\t\t<div class=\"content-box-6787 contentboxes-image-wrap bg-image one-third-width one-and-a-half-height content-white no-vertical-text has-content cb-mobile-content-leave \"  data-aos=\"fade-up\" data-aos-delay=\"100\"  >\n\n\t\t\t\t\t<div class=\"contentboxes-image-wrap-inner\">\n\n\t\t\t\t\t\t\t\t\t\t\t<a href=\"http:\/\/www.vuma.com.tr\/index.php\/menu\/\">\n\t\t\t\t\t\n\t\t\t\t\t\t<div class=\"contentboxes-zoom-wrap  has-box-url \">\n\t\t\t\t\t\t\n\t\t\t\t\t\t\t\t\t\t\t\t\t<div class=\"contentboxbgimage\" style=\"background-image: url(http:\/\/www.vuma.com.tr\/wp-content\/uploads\/2025\/10\/unnamed-1.jpg);\"><\/div> \n\t\t\t\t\t\t\t\t\t\t\t\t<div class=\"contentbox-overlay  has-gradient gradient-contentboxes-content-bottom\" >\n\t\t\t\t\t\t\n\t\t\t\t\t\t\t<div class=\"contentboxes-content-wrap centered-content contentboxes-content-left contentboxes-content-bottom\"  >\n\n\t\t\t\t\t\t\t\t\t\t\t\t\t\t\t\t<div class=\"contentboxes-content section-content\">\n\t\t\t\t\t\t\t\t\t\t\t\t\t\t\t\t\t\t\t\t\t\t\t\t\t\t\t\t\t\t\t\t\t\t                \t<h3 class=\"contentboxes-content-item contentboxes-title\"  data-aos=\"slide-up\"  >\u0130\u00e7ecek Men\u00fcm\u00fcz<\/h3>\n\t\t\t\t\t\t\t                \t\t\t\t\t\t\t                \t\t\t\t\t\t\t                \t\t\t\t\t\t\t                \t\t\t\t\t\t        \t<\/div>\n\t\t\t\t\t\t        \t\n\t\t\t\t\t\t\t\t\t\t\t\t\t\t<\/div>\n\t\t\t\t\t\t\t\t\t\t\t\t\t\n\t\t\t\t\t\t<\/div>\n\t\t\t\t\t<\/div>\n\t\t\t\t\t<\/div>\n\n\t\t\t\t\t\t\t\t\t\t\t<\/a>\n\t\t\t\t\t\t   \t \n\t\t\t\t<\/div>\n\t\t\t\t\t\n\t\t\t\n\t\t\t\t<div class=\"content-box-6786 contentboxes-image-wrap bg-image one-third-width one-and-a-half-height  no-vertical-text has-content  \"  data-aos=\"fade-up\" data-aos-delay=\"200\"  >\n\n\t\t\t\t\t<div class=\"contentboxes-image-wrap-inner\">\n\n\t\t\t\t\t\n\t\t\t\t\t\t<div class=\"contentboxes-zoom-wrap \">\n\t\t\t\t\t\t\n\t\t\t\t\t\t\t\t\t\t\t\t\t<div class=\"contentboxbgimage\" style=\"background-image: url(http:\/\/www.vuma.com.tr\/wp-content\/uploads\/2025\/10\/unnamed.jpg);\"><\/div> \n\t\t\t\t\t\t\t\t\t\t\t\t<div class=\"contentbox-overlay  has-gradient gradient-contentboxes-content-bottom\" >\n\t\t\t\t\t\t\n\t\t\t\t\t\t\t<div class=\"contentboxes-content-wrap centered-content  contentboxes-content-bottom\"  >\n\n\t\t\t\t\t\t\t\t\t\t\t\t\t\t\t\t<div class=\"contentboxes-content section-content\">\n\t\t\t\t\t\t\t\t\t\t\t\t\t\t\t\t\t\t\t\t\t\t\t\t\t\t\t\t\t\t\t\t\t\t                \t<h3 class=\"contentboxes-content-item contentboxes-title\"  data-aos=\"slide-up\"  >Nargile Men\u00fcm\u00fcz<\/h3>\n\t\t\t\t\t\t\t                \t\t\t\t\t\t\t                \t\t\t\t\t\t\t                \t\t\t\t\t\t\t                \t\t\t\t\t\t        \t<\/div>\n\t\t\t\t\t\t        \t\n\t\t\t\t\t\t\t\t\t\t\t\t\t\t<\/div>\n\t\t\t\t\t\t\t\t\t\t\t\t\t\n\t\t\t\t\t\t<\/div>\n\t\t\t\t\t<\/div>\n\t\t\t\t\t<\/div>\n\n\t\t\t\t\t\t   \t \n\t\t\t\t<\/div>\n\t\t\t\t\t\n\t\t\t\n\t\t\t\t<div class=\"content-box-6788 contentboxes-image-wrap bg-image one-third-width one-and-a-half-height  no-vertical-text has-content  \"  data-aos=\"fade-up\" data-aos-delay=\"300\"  >\n\n\t\t\t\t\t<div class=\"contentboxes-image-wrap-inner\">\n\n\t\t\t\t\t\n\t\t\t\t\t\t<div class=\"contentboxes-zoom-wrap \">\n\t\t\t\t\t\t\n\t\t\t\t\t\t\t\t\t\t\t\t\t<div class=\"contentboxbgimage\" style=\"background-image: url(http:\/\/www.vuma.com.tr\/wp-content\/uploads\/2025\/10\/unnamed-2.jpg);\"><\/div> \n\t\t\t\t\t\t\t\t\t\t\t\t<div class=\"contentbox-overlay  has-gradient gradient-contentboxes-content-bottom\" >\n\t\t\t\t\t\t\n\t\t\t\t\t\t\t<div class=\"contentboxes-content-wrap centered-content  contentboxes-content-bottom\"  >\n\n\t\t\t\t\t\t\t\t\t\t\t\t\t\t\t\t<div class=\"contentboxes-content section-content\">\n\t\t\t\t\t\t\t\t\t\t\t\t\t\t\t\t\t\t\t\t\t\t\t\t\t\t\t\t\t\t\t\t\t\t                \t<h3 class=\"contentboxes-content-item contentboxes-title\"  data-aos=\"slide-up\"  >Restorant Men\u00fcm\u00fcz<\/h3>\n\t\t\t\t\t\t\t                \t\t\t\t\t\t\t                \t\t\t\t\t\t\t                \t\t\t\t\t\t\t                \t\t\t\t\t\t        \t<\/div>\n\t\t\t\t\t\t        \t\n\t\t\t\t\t\t\t\t\t\t\t\t\t\t<\/div>\n\t\t\t\t\t\t\t\t\t\t\t\t\t\n\t\t\t\t\t\t<\/div>\n\t\t\t\t\t<\/div>\n\t\t\t\t\t<\/div>\n\n\t\t\t\t\t\t   \t \n\t\t\t\t<\/div>\n\t\t\t\t\t\n\t\t\t\t\t\t<\/div>\n\t\t\t\t<\/div>\n\n\t<\/section> \n\n\n\n\n<div style=\"height:60px\" aria-hidden=\"true\" class=\"wp-block-spacer\"><\/div>\n\n\n\n<h2 class=\"wp-block-heading has-text-align-center\">Shop K\u0131sm\u0131n\u0131 G\u00f6rd\u00fcn\u00fcz m\u00fc?<\/h2>\n\n\n\n<p class=\"has-text-align-center\">Birbirinden lezzetli t\u00fct\u00fcnlerimizi ve \u00fcr\u00fcnlerimizi sat\u0131n alabilece\u011finizi biliyormuydunuz ?<\/p>\n\n\n\n<div style=\"height:80px\" aria-hidden=\"true\" class=\"wp-block-spacer\"><\/div>\n\n\n\n\n\n<div style=\"height:56px\" aria-hidden=\"true\" class=\"wp-block-spacer\"><\/div>\n\n\n\n<div class=\"wp-block-media-text alignfull has-media-on-the-right is-stacked-on-mobile is-vertically-aligned-center\"><div class=\"wp-block-media-text__content\">\n\t\t\t<span id=\"subtitle-mb-block-e3ae3196-13bc-46e1-bacc-c7409f3ab665\" class=\"subtitle  subtitle-block subtitle-above subtitle-center use-body-font\">Vuma Shop<\/span>\n\t\n\n\n\n<h2 class=\"wp-block-heading has-text-align-center\">\u015eehrin Nitelikli Nargile Ma\u011fazas\u0131<\/h2>\n\n\n\n<p class=\"has-text-align-center\"><strong>Vuma Shop<\/strong>\u2019ta, kaliteli t\u00fct\u00fcn ve \u00f6zenle haz\u0131rlanm\u0131\u015f nargile \u00e7e\u015fitleriyle keyifli bir deneyime ad\u0131m at\u0131n. \u015eehirdeki en \u015f\u0131k atmosferde, en kaliteli ekipmanlarla nargile keyfini \u00e7\u0131kar\u0131n.<\/p>\n\n\n\n<div class=\"wp-block-buttons is-horizontal is-content-justification-center is-layout-flex wp-container-core-buttons-is-layout-499968f5 wp-block-buttons-is-layout-flex\">\n<div class=\"wp-block-button is-style-outline is-style-outline--1\"><a class=\"wp-block-button__link wp-element-button\" href=\"https:\/\/share.google\/cqHUG78q1DiZvaFJE\" target=\"_blank\" rel=\"noreferrer noopener\">Vuma Shop&#8217;u Ziyaret Et<\/a><\/div>\n<\/div>\n<\/div><figure class=\"wp-block-media-text__media\"><img loading=\"lazy\" decoding=\"async\" width=\"1024\" height=\"1024\" src=\"http:\/\/www.vuma.com.tr\/wp-content\/uploads\/2025\/10\/500573159_17849623647465970_3926645695810453652_n-1024x1024.jpg\" alt=\"\" class=\"wp-image-6791 size-full\" srcset=\"http:\/\/www.vuma.com.tr\/wp-content\/uploads\/2025\/10\/500573159_17849623647465970_3926645695810453652_n-1024x1024.jpg 1024w, http:\/\/www.vuma.com.tr\/wp-content\/uploads\/2025\/10\/500573159_17849623647465970_3926645695810453652_n-300x300.jpg 300w, http:\/\/www.vuma.com.tr\/wp-content\/uploads\/2025\/10\/500573159_17849623647465970_3926645695810453652_n-150x150.jpg 150w, http:\/\/www.vuma.com.tr\/wp-content\/uploads\/2025\/10\/500573159_17849623647465970_3926645695810453652_n-768x767.jpg 768w, http:\/\/www.vuma.com.tr\/wp-content\/uploads\/2025\/10\/500573159_17849623647465970_3926645695810453652_n-800x800.jpg 800w, http:\/\/www.vuma.com.tr\/wp-content\/uploads\/2025\/10\/500573159_17849623647465970_3926645695810453652_n-560x560.jpg 560w, http:\/\/www.vuma.com.tr\/wp-content\/uploads\/2025\/10\/500573159_17849623647465970_3926645695810453652_n-250x250.jpg 250w, http:\/\/www.vuma.com.tr\/wp-content\/uploads\/2025\/10\/500573159_17849623647465970_3926645695810453652_n-120x120.jpg 120w, http:\/\/www.vuma.com.tr\/wp-content\/uploads\/2025\/10\/500573159_17849623647465970_3926645695810453652_n.jpg 1080w\" sizes=\"auto, (max-width: 1024px) 100vw, 1024px\" \/><\/figure><\/div>\n\n\n\n<div style=\"height:32px\" aria-hidden=\"true\" class=\"wp-block-spacer\"><\/div>\n\n\n\n\t<section id=\"contentboxes-mb-block-f3bf024b-7d81-45f7-b6af-369966bab421\" class=\"section section-contentboxes  alignwide \">\n\n\t\t<div class=\"contentboxes-wrap none\">\n\t\t\t\t\t<div class=\"contentboxes-masonry \">\n\n\t\t\t\t<div class=\"grid-sizer-contentboxes\"><\/div>\n\n\t\t\t\t\n\t\t\t\t<div class=\"content-box- contentboxes-image-wrap bg-none quarter-width square content-dark no-vertical-text has-content  \"  data-aos=\"fade-up\" data-aos-delay=\"100\"  >\n\n\t\t\t\t\t<div class=\"contentboxes-image-wrap-inner\">\n\n\t\t\t\t\t\n\t\t\t\t\t\t<div class=\"contentboxes-zoom-wrap \">\n\t\t\t\t\t\t\n\t\t\t\t\t\t\n\t\t\t\t\t\t\n\t\t\t\t\t\t\t<div class=\"contentboxes-content-wrap centered-content contentboxes-content-center contentboxes-content-middle\"  >\n\n\t\t\t\t\t\t\t\t\t\t\t\t\t\t\t\t<div class=\"contentboxes-content section-content\">\n\t\t\t\t\t\t\t\t\t\t\t\t\t\t\t\t\t\t\t\t\t\t\t\t\t\t\t\t\t\t\t\t\t\t                \t<h6 class=\"contentboxes-content-item contentboxes-title\"  data-aos=\"slide-up\"  ><i class=\"pe-7s-bicycle pe-3x\"><\/i>\r\nKolay Ula\u015f\u0131m \u0130mkan\u0131<\/h6>\n\t\t\t\t\t\t\t                \t\t\t\t\t\t\t                \t\t\t\t\t\t\t                \t\t\t\t\t\t\t                \t<div class=\"contentboxes-content-item contentboxes-text\"  data-aos=\"fade-right\" data-aos-delay=\"340\"  >Vuma Lounge m\u00fc\u015fterileri Vuma&#8217;da park yeri aram\u0131yor. Otopark ayr\u0131cal\u0131\u011f\u0131 Vuma&#8217;da.<\/div>\n\t\t\t\t\t\t\t                \t\t\t\t\t\t\t                \t\t\t\t\t\t        \t<\/div>\n\t\t\t\t\t\t        \t\n\t\t\t\t\t\t\t\t\t\t\t\t\t\n\t\t\t\t\t\t<\/div>\n\t\t\t\t\t<\/div>\n\t\t\t\t\t<\/div>\n\n\t\t\t\t\t\t   \t \n\t\t\t\t<\/div>\n\t\t\t\t\t\n\t\t\t\n\t\t\t\t<div class=\"content-box- contentboxes-image-wrap bg-none quarter-width square  no-vertical-text has-content  \"  data-aos=\"fade-up\" data-aos-delay=\"200\"  >\n\n\t\t\t\t\t<div class=\"contentboxes-image-wrap-inner\">\n\n\t\t\t\t\t\n\t\t\t\t\t\t<div class=\"contentboxes-zoom-wrap \">\n\t\t\t\t\t\t\n\t\t\t\t\t\t\n\t\t\t\t\t\t\n\t\t\t\t\t\t\t<div class=\"contentboxes-content-wrap centered-content contentboxes-content-center contentboxes-content-middle\"  >\n\n\t\t\t\t\t\t\t\t\t\t\t\t\t\t\t\t<div class=\"contentboxes-content section-content\">\n\t\t\t\t\t\t\t\t\t\t\t\t\t\t\t\t\t\t\t\t\t\t\t\t\t\t\t\t\t\t\t\t\t\t                \t<h6 class=\"contentboxes-content-item contentboxes-title\"  data-aos=\"slide-up\"  ><i class=\"pe-7s-like pe-3x\"><\/i>\r\nBizi Sosyal Medyadan Takip Edin<\/h6>\n\t\t\t\t\t\t\t                \t\t\t\t\t\t\t                \t\t\t\t\t\t\t                \t\t\t\t\t\t\t                \t<div class=\"contentboxes-content-item contentboxes-text\"  data-aos=\"fade-right\" data-aos-delay=\"340\"  >Sosyal Medyadan bizi takip edin. Vuma ile alakal\u0131 g\u00fcncellemelerden haberdar olun<\/div>\n\t\t\t\t\t\t\t                \t\t\t\t\t\t\t                \t\t\t\t\t\t        \t<\/div>\n\t\t\t\t\t\t        \t\n\t\t\t\t\t\t\t\t\t\t\t\t\t\n\t\t\t\t\t\t<\/div>\n\t\t\t\t\t<\/div>\n\t\t\t\t\t<\/div>\n\n\t\t\t\t\t\t   \t \n\t\t\t\t<\/div>\n\t\t\t\t\t\n\t\t\t\n\t\t\t\t<div class=\"content-box- contentboxes-image-wrap bg-none quarter-width square  no-vertical-text has-content  \"  data-aos=\"fade-up\" data-aos-delay=\"300\"  >\n\n\t\t\t\t\t<div class=\"contentboxes-image-wrap-inner\">\n\n\t\t\t\t\t\n\t\t\t\t\t\t<div class=\"contentboxes-zoom-wrap \">\n\t\t\t\t\t\t\n\t\t\t\t\t\t\n\t\t\t\t\t\t\n\t\t\t\t\t\t\t<div class=\"contentboxes-content-wrap centered-content contentboxes-content-center contentboxes-content-middle\"  >\n\n\t\t\t\t\t\t\t\t\t\t\t\t\t\t\t\t<div class=\"contentboxes-content section-content\">\n\t\t\t\t\t\t\t\t\t\t\t\t\t\t\t\t\t\t\t\t\t\t\t\t\t\t\t\t\t\t\t\t\t\t                \t<h6 class=\"contentboxes-content-item contentboxes-title\"  data-aos=\"slide-up\"  ><i class=\"pe-7s-leaf pe-3x\"><\/i>\r\n\u00dcr\u00fcn Kalitesi<\/h6>\n\t\t\t\t\t\t\t                \t\t\t\t\t\t\t                \t\t\t\t\t\t\t                \t\t\t\t\t\t\t                \t<div class=\"contentboxes-content-item contentboxes-text\"  data-aos=\"fade-right\" data-aos-delay=\"340\"  >\u0130ster Lounge k\u0131sm\u0131nda t\u00fcketebilir isterseniz eviniz i\u00e7in Shop b\u00f6l\u00fcm\u00fcnden al\u0131\u015fveri\u015f yapabilirsiniz.<\/div>\n\t\t\t\t\t\t\t                \t\t\t\t\t\t\t                \t\t\t\t\t\t        \t<\/div>\n\t\t\t\t\t\t        \t\n\t\t\t\t\t\t\t\t\t\t\t\t\t\n\t\t\t\t\t\t<\/div>\n\t\t\t\t\t<\/div>\n\t\t\t\t\t<\/div>\n\n\t\t\t\t\t\t   \t \n\t\t\t\t<\/div>\n\t\t\t\t\t\n\t\t\t\n\t\t\t\t<div class=\"content-box- contentboxes-image-wrap bg-none quarter-width uncropped content-dark no-vertical-text has-content  \"  data-aos=\"fade-up\" data-aos-delay=\"400\"  >\n\n\t\t\t\t\t<div class=\"contentboxes-image-wrap-inner\">\n\n\t\t\t\t\t\n\t\t\t\t\t\t<div class=\"contentboxes-zoom-wrap \">\n\t\t\t\t\t\t\n\t\t\t\t\t\t\n\t\t\t\t\t\t\n\t\t\t\t\t\t\t<div class=\"contentboxes-content-wrap centered-content contentboxes-content-center contentboxes-content-middle\"  >\n\n\t\t\t\t\t\t\t\t\t\t\t\t\t\t\t\t<div class=\"contentboxes-content section-content\">\n\t\t\t\t\t\t\t\t\t\t\t\t\t\t\t\t\t\t\t\t\t\t\t\t\t\t\t\t\t\t\t\t\t\t                \t<h6 class=\"contentboxes-content-item contentboxes-title\"  data-aos=\"slide-up\"  ><i class=\"pe-7s-mail pe-3x\"><\/i>\r\nGeri D\u00f6n\u00fc\u015fleriniz Bizim \u0130\u00e7in \u00d6nemli! <\/h6>\n\t\t\t\t\t\t\t                \t\t\t\t\t\t\t                \t\t\t\t\t\t\t                \t\t\t\t\t\t\t                \t<div class=\"contentboxes-content-item contentboxes-text\"  data-aos=\"fade-right\" data-aos-delay=\"340\"  >Vuma&#8217;da ya\u015fad\u0131\u011f\u0131n\u0131z deneyimi bizim i\u00e7in \u00f6nemli. E\u011fer Konseptimizi be\u011fendiyseniz franchise i\u00e7in bizimle ileti\u015fime ge\u00e7in.<\/div>\n\t\t\t\t\t\t\t                \t\t\t\t\t\t\t                \t\t\t\t\t\t        \t<\/div>\n\t\t\t\t\t\t        \t\n\t\t\t\t\t\t\t\t\t\t\t\t\t\n\t\t\t\t\t\t<\/div>\n\t\t\t\t\t<\/div>\n\t\t\t\t\t<\/div>\n\n\t\t\t\t\t\t   \t \n\t\t\t\t<\/div>\n\t\t\t\t\t\n\t\t\t\t\t\t<\/div>\n\t\t\t\t<\/div>\n\n\t<\/section> \n\n\n\n\n<div style=\"height:26px\" aria-hidden=\"true\" class=\"wp-block-spacer\"><\/div>\n\n\n\n<div class=\"wp-block-media-text alignfull is-stacked-on-mobile is-vertically-aligned-center is-image-fill-element\" id=\"findus\"><figure class=\"wp-block-media-text__media\"><img loading=\"lazy\" decoding=\"async\" width=\"683\" height=\"1024\" src=\"http:\/\/www.vuma.com.tr\/wp-content\/uploads\/2025\/10\/DSC03815-683x1024.jpg\" alt=\"\" class=\"wp-image-6792 size-full\" style=\"object-position:56% 84%\" srcset=\"http:\/\/www.vuma.com.tr\/wp-content\/uploads\/2025\/10\/DSC03815-683x1024.jpg 683w, http:\/\/www.vuma.com.tr\/wp-content\/uploads\/2025\/10\/DSC03815-200x300.jpg 200w, http:\/\/www.vuma.com.tr\/wp-content\/uploads\/2025\/10\/DSC03815-768x1152.jpg 768w, http:\/\/www.vuma.com.tr\/wp-content\/uploads\/2025\/10\/DSC03815-1024x1536.jpg 1024w, http:\/\/www.vuma.com.tr\/wp-content\/uploads\/2025\/10\/DSC03815-1365x2048.jpg 1365w, http:\/\/www.vuma.com.tr\/wp-content\/uploads\/2025\/10\/DSC03815-1600x2400.jpg 1600w, http:\/\/www.vuma.com.tr\/wp-content\/uploads\/2025\/10\/DSC03815-1200x1800.jpg 1200w, http:\/\/www.vuma.com.tr\/wp-content\/uploads\/2025\/10\/DSC03815-800x1200.jpg 800w, http:\/\/www.vuma.com.tr\/wp-content\/uploads\/2025\/10\/DSC03815-560x840.jpg 560w, http:\/\/www.vuma.com.tr\/wp-content\/uploads\/2025\/10\/DSC03815-scaled.jpg 1707w\" sizes=\"auto, (max-width: 683px) 100vw, 683px\" \/><\/figure><div class=\"wp-block-media-text__content\">\n<h2 class=\"wp-block-heading has-text-align-center\">Bizi Ziyaret Edin<\/h2>\n\n\n\n<div style=\"height:27px\" aria-hidden=\"true\" class=\"wp-block-spacer\"><\/div>\n\n\n\n<p class=\"has-text-align-center\"><strong>Adres<\/strong> <strong>Ve Telefon<\/strong><\/p>\n\n\n\n<p class=\"has-text-align-center\"><a href=\"https:\/\/www.google.com\/maps\/place\/\/data=!4m2!3m1!1s0x14b701813696e83d:0xf76ce72f5b5f18f2?sa=X&amp;ved=1t:8290&amp;ictx=111\">Kasaplar, S\u0131nd\u0131rg\u0131 Cd. No:26, <\/a><a href=\"https:\/\/www.google.com\/maps\/place\/\/data=!4m2!3m1!1s0x14b701813696e83d:0xf76ce72f5b5f18f2?sa=X&amp;ved=1t:8290&amp;ictx=111\"><\/a><a href=\"https:\/\/www.google.com\/maps\/place\/\/data=!4m2!3m1!1s0x14b701813696e83d:0xf76ce72f5b5f18f2?sa=X&amp;ved=1t:8290&amp;ictx=111\">10100 Alt\u0131eyl\u00fcl\/Bal\u0131kesir<\/a><\/p>\n\n\n\n<p class=\"has-text-align-center\"><a href=\"https:\/\/www.google.com\/search?q=vuma+loung&amp;rlz=1C5CHFA_enTR1136TR1136&amp;oq=vuma+&amp;gs_lcrp=EgZjaHJvbWUqBggAEEUYOzIGCAAQRRg7MgYIARAjGCcyBggCEEUYOzIGCAMQRRg5MgYIBBBFGDwyBggFEEUYPDIGCAYQRRg8MgYIBxBFGDzSAQc3MTlqMGo5qAIGsAIB8QUuf0QeC33vhQ&amp;sourceid=chrome&amp;ie=UTF-8#\">0 505 480 1010<\/a><\/p>\n\n\n\n<div class=\"wp-block-buttons is-horizontal is-content-justification-center is-layout-flex wp-container-core-buttons-is-layout-499968f5 wp-block-buttons-is-layout-flex\">\n<div class=\"wp-block-button\"><a class=\"wp-block-button__link no-border-radius wp-element-button\" href=\"https:\/\/maps.app.goo.gl\/YJ6XcDqZg6GUiPPn7\" target=\"_blank\" rel=\"noreferrer noopener\">T\u0131kla Gel<\/a><\/div>\n<\/div>\n\n\n\n<div style=\"height:60px\" aria-hidden=\"true\" class=\"wp-block-spacer\"><\/div>\n\n\n\n<p class=\"has-text-align-center\"><strong>\u00c7al\u0131\u015fma Saatleri<\/strong><\/p>\n\n\n\n<p class=\"has-text-align-center\">Pazartesi \u2013 Per\u015fembe<br>11.00 \u2013 02.00<\/p>\n\n\n\n<p class=\"has-text-align-center\">Cuma &#8211; Pazar<br>11.00 \u2013 02.00<\/p>\n<\/div><\/div>\n","protected":false},"excerpt":{"rendered":"Size Nas\u0131l Yard\u0131mc\u0131 Olabiliriz ? Zengin nargile se\u00e7eneklerimiz ve bar\u0131m\u0131z ile keyifli anlar ya\u015faman\u0131z i\u00e7in sizi bekliyoruz. Ayr\u0131ca, geni\u015f men\u00fcm\u00fczle dama\u011f\u0131n\u0131za hitap eden lezzetler ...","protected":false},"author":1,"featured_media":0,"parent":0,"menu_order":1,"comment_status":"closed","ping_status":"closed","template":"","meta":{"footnotes":""},"class_list":["post-2297","page","type-page","status-publish","hentry"],"_links":{"self":[{"href":"http:\/\/www.vuma.com.tr\/index.php\/wp-json\/wp\/v2\/pages\/2297","targetHints":{"allow":["GET"]}}],"collection":[{"href":"http:\/\/www.vuma.com.tr\/index.php\/wp-json\/wp\/v2\/pages"}],"about":[{"href":"http:\/\/www.vuma.com.tr\/index.php\/wp-json\/wp\/v2\/types\/page"}],"author":[{"embeddable":true,"href":"http:\/\/www.vuma.com.tr\/index.php\/wp-json\/wp\/v2\/users\/1"}],"replies":[{"embeddable":true,"href":"http:\/\/www.vuma.com.tr\/index.php\/wp-json\/wp\/v2\/comments?post=2297"}],"version-history":[{"count":9,"href":"http:\/\/www.vuma.com.tr\/index.php\/wp-json\/wp\/v2\/pages\/2297\/revisions"}],"predecessor-version":[{"id":7053,"href":"http:\/\/www.vuma.com.tr\/index.php\/wp-json\/wp\/v2\/pages\/2297\/revisions\/7053"}],"wp:attachment":[{"href":"http:\/\/www.vuma.com.tr\/index.php\/wp-json\/wp\/v2\/media?parent=2297"}],"curies":[{"name":"wp","href":"https:\/\/api.w.org\/{rel}","templated":true}]}}