{"id":1305,"date":"2020-06-14T12:08:23","date_gmt":"2020-06-14T12:08:23","guid":{"rendered":"http:\/\/redhost:8888\/amaya\/?page_id=1305"},"modified":"2025-12-13T09:20:59","modified_gmt":"2025-12-13T09:20:59","slug":"about","status":"publish","type":"page","link":"http:\/\/www.vuma.com.tr\/index.php\/about\/","title":{"rendered":"Hakk\u0131m\u0131zda"},"content":{"rendered":"\n\t<section id=\"contentboxes-mb-block-453e844c-8c28-4dd6-b335-fbfcdeb5fa22\" class=\"section section-contentboxes  alignfull \">\n\n\t\t<div class=\"contentboxes-wrap none\">\n\t\t\t\t\t<div class=\"contentboxes-masonry \">\n\n\t\t\t\t<div class=\"grid-sizer-contentboxes\"><\/div>\n\n\t\t\t\t\n\t\t\t\t<div class=\"content-box- contentboxes-image-wrap bg-video half-width square content-white no-vertical-text has-content  \"  data-aos=\"fade-up\" data-aos-delay=\"100\"  >\n\n\t\t\t\t\t<div class=\"contentboxes-image-wrap-inner\">\n\n\t\t\t\t\t\n\t\t\t\t\t\t<div class=\"contentboxes-zoom-wrap \">\n\t\t\t\t\t\t\n\t\t\t\t\t\t\t\t\t\t\t\t    \t\t<video autoplay muted loop class=\"contentboxbgvideo\" src=\"http:\/\/www.vuma.com.tr\/wp-content\/uploads\/2025\/12\/AQPP2U8in84O7UzxykGmh_2SIaYzjXhkedUddSDzigo28QOcpvyn9O7mHQ9HIPeNAQ820Oph0wnH1QLN_U_79eEfuaOm51PU__fN074.mp4\"><\/video>\n\t\t\t\t\t\t\t\t\n\t\t\t\t\t\t\t\t\t\t\t\t<div class=\"contentbox-overlay  has-gradient gradient-contentboxes-content-middle\" >\n\t\t\t\t\t\t\n\t\t\t\t\t\t\t<div class=\"contentboxes-content-wrap centered-content contentboxes-content-center contentboxes-content-middle\"  >\n\n\t\t\t\t\t\t\t\t\t\t\t\t\t\t\t\t<div class=\"contentboxes-content section-content\">\n\t\t\t\t\t\t\t\t\t\t\t\t\t\t\t\t\t\t\t\t\t\t\t\t\t\t\t\t\t\t\t\t\t\t                \t<h4 class=\"contentboxes-content-item contentboxes-title\"  data-aos=\"slide-up\"  >Sadece\r\nVuma<\/h4>\n\t\t\t\t\t\t\t                \t\t\t\t\t\t\t                \t\t\t\t\t\t\t                \t\t\t\t\t\t\t                \t\t\t\t\t\t        \t<\/div>\n\t\t\t\t\t\t        \t\n\t\t\t\t\t\t\t\t\t\t\t\t\t\t<\/div>\n\t\t\t\t\t\t\t\t\t\t\t\t\t\n\t\t\t\t\t\t<\/div>\n\t\t\t\t\t<\/div>\n\t\t\t\t\t<\/div>\n\n\t\t\t\t\t\t   \t \n\t\t\t\t<\/div>\n\t\t\t\t\t\n\t\t\t\n\t\t\t\t<div class=\"content-box- contentboxes-image-wrap bg-none half-width square content-dark no-vertical-text has-content  \"  data-aos=\"fade-up\" data-aos-delay=\"200\"  >\n\n\t\t\t\t\t<div class=\"contentboxes-image-wrap-inner\">\n\n\t\t\t\t\t\n\t\t\t\t\t\t<div class=\"contentboxes-zoom-wrap \">\n\t\t\t\t\t\t\n\t\t\t\t\t\t\n\t\t\t\t\t\t\n\t\t\t\t\t\t\t<div class=\"contentboxes-content-wrap centered-content contentboxes-content-center contentboxes-content-middle\"  >\n\n\t\t\t\t\t\t\t\t\t\t\t\t\t\t\t\t<div class=\"contentboxes-content section-content\">\n\t\t\t\t\t\t\t\t\t\t\t\t\t\t\t\t\t\t\t\t\t\t\t\t\t\t\t\t<div class=\"contentboxes-content-item contentboxes-subtitle subtitle-above use-body-font\"  data-aos=\"fade-down\" data-aos-delay=\"100\"  >Keyfin Yeni Adresi<\/div>\n\t\t\t\t\t\t\t\t\t\t\t\t\t\t\t\t\t\t\t\t\t\t\t\t\t                \t<h4 class=\"contentboxes-content-item contentboxes-title\"  data-aos=\"slide-up\"  >Vuma Lounge<\/h4>\n\t\t\t\t\t\t\t                \t\t\t\t\t\t\t                \t\t\t\t\t\t\t                \t<div class=\"contentboxes-content-item contentboxes-divider\"  data-aos=\"fade-right\"  ><\/div>\n\t\t\t\t\t\t\t                \t\t\t\t\t\t\t                \t\t\t\t\t\t\t                \t<div class=\"contentboxes-content-item contentboxes-text\"  data-aos=\"fade-right\" data-aos-delay=\"340\"  >\u015eehrin dinamizmini, nargile k\u00fclt\u00fcr\u00fcn\u00fcn dinginli\u011fiyle bulu\u015fturan Vuma Lounge\u2019a ho\u015f geldiniz.\r\n<br> <br> \r\nBiz, sadece bir nargile kafe de\u011fil; g\u00fcn\u00fcn yorgunlu\u011funu geride b\u0131rak\u0131p an\u0131n tad\u0131n\u0131 \u00e7\u0131karabilece\u011finiz \u00f6zel bir ya\u015fam alan\u0131 tasarlad\u0131k. Vuma Lounge olarak, d\u00fcnyan\u0131n en prestijli t\u00fct\u00fcn markalar\u0131ndan olu\u015fan zengin nargile men\u00fcm\u00fcz\u00fc, usta ekibimizin haz\u0131rlad\u0131\u011f\u0131 \u00f6zel kar\u0131\u015f\u0131mlarla sunuyoruz. Hindistan  Cevizi k\u00f6m\u00fcr\u00fc k\u00f6z\u00fcnde pi\u015fen nargilenize, d\u00fcnya mutfa\u011f\u0131ndan se\u00e7kin lezzetler ve imza kokteyllerimiz e\u015flik ediyor.\r\n<br> <br> \r\nModern mimarimiz, ferah oturma alanlar\u0131m\u0131z ve kaliteli m\u00fczik anlay\u0131\u015f\u0131m\u0131zla; ister dostlar\u0131n\u0131zla koyu bir sohbete dal\u0131n, ister tek ba\u015f\u0131n\u0131za keyif yap\u0131n, burada her an\u0131n\u0131z ayr\u0131cal\u0131kl\u0131.\r\n\r\n<br> <br> \r\nVuma Lounge; kaliteyi bir standart, konforu ise bir al\u0131\u015fkanl\u0131k haline getirenlerin bulu\u015fma noktas\u0131.<\/div>\n\t\t\t\t\t\t\t                \t\t\t\t\t\t\t                \t\t\t\t\t\t\t                \t<div class=\"contentboxes-content-item contentboxes-button-wrap\">\n\t\t\t\t\t\t\t\t\t\t\t<a href=\"https:\/\/share.google\/WEhPXJ0TM4ibDalI0\" class=\"contentboxes-button button button-outline ffffff  content-dark\"  data-aos=\"fade-up\" data-aos-delay=\"380\"  >\n\t\t\t\t\t\t\t\t\t\t\tYol Tarifi Al\t\t\t\t\t\t\t\t\t\t\t<\/a>\n\t\t\t\t\t\t\t\t\t\t<\/div>\n\t\t\t\t\t\t\t                \t\t\t\t\t\t        \t<\/div>\n\t\t\t\t\t\t        \t\n\t\t\t\t\t\t\t\t\t\t\t\t\t\n\t\t\t\t\t\t<\/div>\n\t\t\t\t\t<\/div>\n\t\t\t\t\t<\/div>\n\n\t\t\t\t\t\t   \t \n\t\t\t\t<\/div>\n\t\t\t\t\t\n\t\t\t\t\t\t<\/div>\n\t\t\t\t<\/div>\n\n\t<\/section> \n\n","protected":false},"excerpt":{"rendered":"","protected":false},"author":1,"featured_media":0,"parent":0,"menu_order":7,"comment_status":"closed","ping_status":"closed","template":"","meta":{"footnotes":""},"class_list":["post-1305","page","type-page","status-publish","hentry"],"_links":{"self":[{"href":"http:\/\/www.vuma.com.tr\/index.php\/wp-json\/wp\/v2\/pages\/1305","targetHints":{"allow":["GET"]}}],"collection":[{"href":"http:\/\/www.vuma.com.tr\/index.php\/wp-json\/wp\/v2\/pages"}],"about":[{"href":"http:\/\/www.vuma.com.tr\/index.php\/wp-json\/wp\/v2\/types\/page"}],"author":[{"embeddable":true,"href":"http:\/\/www.vuma.com.tr\/index.php\/wp-json\/wp\/v2\/users\/1"}],"replies":[{"embeddable":true,"href":"http:\/\/www.vuma.com.tr\/index.php\/wp-json\/wp\/v2\/comments?post=1305"}],"version-history":[{"count":2,"href":"http:\/\/www.vuma.com.tr\/index.php\/wp-json\/wp\/v2\/pages\/1305\/revisions"}],"predecessor-version":[{"id":7018,"href":"http:\/\/www.vuma.com.tr\/index.php\/wp-json\/wp\/v2\/pages\/1305\/revisions\/7018"}],"wp:attachment":[{"href":"http:\/\/www.vuma.com.tr\/index.php\/wp-json\/wp\/v2\/media?parent=1305"}],"curies":[{"name":"wp","href":"https:\/\/api.w.org\/{rel}","templated":true}]}}